{"id":1873,"date":"2024-03-08T09:11:38","date_gmt":"2024-03-08T09:11:38","guid":{"rendered":"https:\/\/m.pkversion.com\/?product=en-rupture-de-stock-out-of-stock-isfahan-bleu"},"modified":"2024-03-08T09:11:40","modified_gmt":"2024-03-08T09:11:40","slug":"en-rupture-de-stock-out-of-stock-isfahan-bleu","status":"publish","type":"product","link":"https:\/\/m.discoversion.com\/?product=en-rupture-de-stock-out-of-stock-isfahan-bleu","title":{"rendered":"En rupture de stock &#8211; Out of stock &#8211; Isfahan Bleu"},"content":{"rendered":"<p>En rupture de stock &#8211; Out of stock <br \/>Pr\u00e9-commander ici : http:\/\/bit.ly\/2sBCnCB<br \/>et soyez les premiers \u00e0 recevoir cette chaussette, d\u00e8s sa production, directe de notre atelier \u00e0 Limoges<br \/>Pre-order now  on this link : http:\/\/bit.ly\/2sBCnCB and be the first to receive it freshly out of our French atelier.<br \/>A design celebrating the oriental craftsmanship of the nest luxury carpets that adorn enchanted spaces from far away deserts to royal palaces.<br \/>Product Description : <br \/>&#8211; Designed in Paris<br \/>&#8211; Made in France <br \/>&#8211; One size<br \/>&#8211; Unisex for him and her<br \/>Composition :<br \/>78% Cotton<br \/>20% Polyamide<br \/>2% Elastane<\/p>\n","protected":false},"excerpt":{"rendered":"<p>En rupture de stock &#8211; Out of stock Pr\u00e9-commander ici : http:\/\/bit.ly\/2sBCnCBet soyez les premiers \u00e0 recevoir cette chaussette, d\u00e8s sa production, directe de notre atelier \u00e0 LimogesPre-order now on this link : http:\/\/bit.ly\/2sBCnCB and be the first to receive it freshly out of our French atelier.A design celebrating the oriental craftsmanship of the nest &hellip; <br \/><a href=\"https:\/\/m.discoversion.com\/?product=en-rupture-de-stock-out-of-stock-isfahan-bleu\" class=\"more-link\">Continue reading <span class=\"screen-reader-text\">En rupture de stock &#8211; Out of stock &#8211; Isfahan Bleu<\/span><\/a><\/p>\n","protected":false},"featured_media":1872,"comment_status":"open","ping_status":"closed","template":"","meta":[],"product_cat":[49],"product_tag":[],"class_list":{"0":"post-1873","1":"product","2":"type-product","3":"status-publish","4":"has-post-thumbnail","6":"product_cat-socks-and-hosiery","8":"first","9":"instock","10":"shipping-taxable","11":"purchasable","12":"product-type-simple"},"_links":{"self":[{"href":"https:\/\/m.discoversion.com\/index.php?rest_route=\/wp\/v2\/product\/1873","targetHints":{"allow":["GET"]}}],"collection":[{"href":"https:\/\/m.discoversion.com\/index.php?rest_route=\/wp\/v2\/product"}],"about":[{"href":"https:\/\/m.discoversion.com\/index.php?rest_route=\/wp\/v2\/types\/product"}],"replies":[{"embeddable":true,"href":"https:\/\/m.discoversion.com\/index.php?rest_route=%2Fwp%2Fv2%2Fcomments&post=1873"}],"wp:featuredmedia":[{"embeddable":true,"href":"https:\/\/m.discoversion.com\/index.php?rest_route=\/wp\/v2\/media\/1872"}],"wp:attachment":[{"href":"https:\/\/m.discoversion.com\/index.php?rest_route=%2Fwp%2Fv2%2Fmedia&parent=1873"}],"wp:term":[{"taxonomy":"product_cat","embeddable":true,"href":"https:\/\/m.discoversion.com\/index.php?rest_route=%2Fwp%2Fv2%2Fproduct_cat&post=1873"},{"taxonomy":"product_tag","embeddable":true,"href":"https:\/\/m.discoversion.com\/index.php?rest_route=%2Fwp%2Fv2%2Fproduct_tag&post=1873"}],"curies":[{"name":"wp","href":"https:\/\/api.w.org\/{rel}","templated":true}]}}